{"id":356,"date":"2023-12-16T22:30:18","date_gmt":"2023-12-16T22:30:18","guid":{"rendered":"https:\/\/exptel.com.ar\/?page_id=356"},"modified":"2024-01-03T14:37:20","modified_gmt":"2024-01-03T17:37:20","slug":"veex","status":"publish","type":"page","link":"https:\/\/exptel.com.ar\/?page_id=356","title":{"rendered":""},"content":{"rendered":"\n<figure class=\"wp-block-image size-large is-resized\"><a href=\"https:\/\/www.veexinc.com\"><img decoding=\"async\" src=\"data:image\/png;base64,iVBORw0KGgoAAAANSUhEUgAAAVsAAACRCAMAAABaFeu5AAAAw1BMVEX\/\/\/8QS30AAAAKSXwbVIQAQngAPHTH0t3FxcX5+fmOo7n8\/Py7u7vj4+MqKioAOnTo6+\/Y3eQARHnNzc3r6+sNDQ2qucn09PRpaWlgYGDBzNlPT08APnbCwsKsrKwANXHX19eoqKh7e3tISEghISGampoxMTGNjY1TU1NlZWXS0tKKiopycnI5OTmWlpbd3d0ZGRligKB9la8+Pj46ZI2dr8JTdZnBzdlviqd\/lrDQ2eKXqb4yXolHbJOxwM9gfZ4AKmvzt+DVAAAST0lEQVR4nO1daUPiPBDG1iK1YLGAhQW5BEFFQPFg8Xr\/\/696mzbpkUybpAe7qzxf1tU2bZ5MJjOTmbR0JADttJQ3jPru8\/n39uXpWOQF\/kWUT0sil+XM7e5i+6Sa5Z5mWapadBf\/FLSv0p651U9OnwamZn1bSgms99Jeua1fvGhl7dvTiqBa9h65rV88DXpW0X36S6AOzkt74\/bXV7n3IwTWw+DT7bVp8qUpI7f2m1X+\/ho2hDLmq37++ahxZCoTt\/Vt72foWB\/aQ7j\/n8da4sXpua0\/DH6UyDqwnigOHs2Eq1NzW9+aP2X58qGqOk3DRQK5Kbk1Tgc\/jllH2Z6zTDzHk5uO2081UdF8Uwx+QVxsY4UsDbf1DzO9nkWusPpPwnwD2dDz5PYtnaJVLa1XNns9xys+\/hdxtI3jI24OS3NbfypLC62llQdHH9u3z129zqwG\/zzsQU7cfpYlhdbqmdbL20m9mH79FfiIETZJbrdJ9hzQeln7ugAW1++F0xilIMVt\/V3GPLDK6uOJUViP\/h589rJze6KJ6wO1p21PiuvOX4XX7NxeiFtelvl08RMk1sNJOSu3p3HLISOylvmwK7Ivfxsyc7uNaQCQ2cfvbBQAyMrtQ4xOYZgd\/DRmM3P7ImYgqObDj2M2K7eC1JafCtGztdsGiMsqD3LPsaEm+jb3vkzcfglRa2kXcn0RQeNuo6THTOpZV1ATY\/59WbjdCula84s\/wpIYjjPw6kJGchdQAx2BGzNw+1vEQrB6nxLdEEIDlCNJDIUfN4Vuvxa5Mz23FyJ2be8jb6GtzXNg1kFT8HmX4N1CvUrN7YlIdMbMPWMPlKI0OBN73gq8eSh0b1pu6wJ5HaqWd+TAzkMdYIhozJIN3iqordNy+86nVnvP26aFhSgt7gSeeA\/duBR83ZTcbvnWV+9F8BWEcZsrtYrS5z6xDd3WFn3fdNy+8tcx81H0FUSRN7WK0uA8cQnddC\/8wqm41fn5yfmvYs3cqeUZC1Xolpa44ZOK2xduLNx8Fn4DQRjrAridJAWTh+AtK\/FXTsNtUj6Oh0Hu1JZuCqBWUa7iHwibCJcSr5yC2zrX1c1fauH5mQPiwwJn0OVTmXdOwe0TTyPEJJpkgV4QtYoyinliB7p4IfXS8tye8sS2\/FvqDYRwVxi3McYC+MAEDQJBmttznrKNpvnmA1j35YQa8MA+dGFLMvdHmttjjvllfcQSdPL8+wsV7r1\/bE8\/z2X2e2dQVzf9VU0SIGUKSxlsSouGdwhkuX3kOGTqETy4u9Onctmt3EOwtJ6pvlwIm4pQTyuSPXUBegPMVIdNaekHSnLLc8hUE8pEsp+PTbYAwuoNXsDMVQZAnG+TMjdPxIs1JtBFcYtePOS41XklIgNg+6b+GFtZYpnHIvs9LCFCsWkQYPQlalp1oUsE9nBoyHH7xTG\/NDYXFWXpJwyI2jt+5b4k29P0EXfYmgtHDcfQBfMUj5LilueQqcds+0e8iJk6eODMbza0KLlRG0ENJDcwFkbQnxOd4zjIcFsfcDQCq2wfebcgWL3kGDqzum9SdDRA8i5NA\/yrrIngQoZbnkPWo++xn8SybtRBoifHTFIZpx5A0u4iLNW8YCQMCW55DhlTwFa3hHNHzbiiAQRm9zFVT0MAd8Vv0F9gbcwPooMQ5\/acFw83qS2cc5m6095X\/DvSS\/tNuq6GAOaNoIQQcD9OZPMHgji3PIfMpKypulxtSS\/eVW5RfRXdr4qHDgaDq7D1K7RpCUGYW94OmUVtj9myZ6eUYzeBcpqiYcBqdQz9UnCzHYAot1yHzKJMznfpYjPI73DByld2wOYAhPSmtCC3XCmk6y5j4g6qajmA24L95VIx3MJmLIBh+kcIcsvbIaMdslfIy1B7g+OXh9\/bhycNCC+AroeLQriF3S8GWZ4lxi3fIYv6LcYRS501+LggloSxO1WBpY4xkD0Uwy1sE1CQSyalIMRtnZexOKBm829GI6jmljLRPt+ZtCeVNuM8FMStwM6xcJoHCCFuZR0y1vzS3gFd+sYUT1mgIUb3eHImhUkcQ9yMB\/E0DxAi3PIcMpU5UYQei5gkm\/oRfSE9AVwIzN1ExBqoHGNBIs0DhAC3vB0ydUDNZKYAOzZdQadnhAX5voVxyzEWJNI8QAhwK+uQMQcHJKUrUI2rZUBWiuM20VjIGBES4VbWIWP4AgLmAepU6z1gHArkFt5jcCGV5gGCy+0vXohGoyVtF9Uh6nviC1AOH6O7S8Vya4DpM4psmgcIHrfxp65gmMx2InVsgMmpLXuIPgEww4rkNs5YkEzzAMHjVtYhK9Ep5bBZFQJlsAF1PYVyG1NBkXUdQ+Bwy3XIjpgWKSsBtKoiiB72BFgKhXILZ4IqkxzOz0nmts47GgGY8NEWGf15\/ovC67OWeEOx3Mb6DzkohWRunzjUQgGAKFVadN1\/U80ejah6VnvMlmqR3MYtZXksZoncch0yyASIxhIicUPjQ2Avgl3MCuQ2qRAwsxGWxO2Op2zLUGgluvpZYb0lVFtdZtRMcdyOE+\/L6jwkcctzyMqgvxXRI5GQ7InQ6Ss9xqgrjFtefDyjsZDALdchg7NBIyOihq95ENrmYY2woritcO\/MFqyJ5faNW7DLOGQQt2GHWGx3ssdsm9E97pcMOcBdh\/cjI8gWZIzj1nrkaQT4ZNIkbsXyFfjc5hMb1+mteQiZUiHiuGUiqzRiU+8jblnEWgU2ev4gt2LnhmTZ1InllgP1KC6zjzrhMfSX+NN2\/wC3YJoHgAwPS8vtIDYCE2UwbKZxs572yC2YnA9imPoZKbntxdc5RcNgkVVf6BSWvXALlgKu4QLBVPmhCOm4TYrJRk\/PjIbBtgO+rbAPbuGDGGqwwZs6aSkdt\/QOWRj1yMxXy5GA0uuHNjCT8R\/jkeTObXyp7hj6Q5p8fIRU3MIOGUF0xdKotGW7zgNjNufO7TXEoBc+yKuOBCENt+wOWQSU+6VljoTmzW1SqS68x5MuczINt2ayK0gdV6xlPgAkZ26TS3XhgG6qpPwU3Jqc09R0KhdpwC9ySka+3MKluoG1nk+9KYI8t9wNMCYmo2U8bylXbmHqwvXSIPlpiqCkuVUt7lN2lI+gqtnIzZNbkSmfR30\/gjS3psB5avThYaqa6XsDOXIrVqoLLnbyxoIst5rIwRNMZrOa6QCbHLkVNLESjDQJSHIbl9pNgd3DzHK8MN3JfklPB9g1AGY77FzIFvnLcRtbkkABiMqo5sevlJYu2NHcAK5ScU6xFOS4LYue8gOVkqg97eXtc3fOQ+77vMmAraus565Jcxt\/XgoDeNfC\/ZwWL57AjdXkituYDoBBSLkibRlu1ZgdMgjnIgXoIPhxsDwR782Ch71JFUDIcBsfDwfwKfdlqD\/EbVKpbmzRbwHcxtYtwjhNSe4+uU3Mwst0rrAct9Im6u905O6RW07UG95kH+bObRrrX\/grRn+KW14ABk4OEV50BLlVecEvEBJf3\/oT3PJTkrLt8Yhxa6npvKqdxFfj9s6tiOZM\/d0MBBFuVfMh7Qfd9C9p0d0Xt2InXGQ5CESAW80SO30Oxi9L8lPTe+JWUPh0MHAmtsfD5VZL\/dV5glNN4FsQ++ZW2MPKsMeTzK1VVt+yf7RFf1Ylvt67H27Fe5X+wLB4bi3NtLZZtEHkMVvV1JLODtwztzIRLXCPZy2wAr3+VwZglsvq19su10+S7p4fjtyWOdhHrEYu234MNSGgVOzXEwDnBX2e3Kif76DnhfHKxBgvKzmisarVZDdtmwBq3+8D7gcccMABBxxwwAEHHHDAAQcccMABBxzwr6A5lEy2\/DehK60Q3J2Oiui3Kfrhnfo+d5vjGu\/gGe75OyWUhtkSe1ANJxXP5M\/6DXcv8yc3SoZUnRmVOYJ+NRWtsWyE6eRuLNsk22epKJN1t4RKNsSoWpKdv410WnwkRTnziV+Xcqcp2OhLf822ctZ0f0C\/6oh+m8IOZakvoS8DRlBrYybP0CigCTJbCOWtDRUF7y0t2rKH8zizKfjuYep6coJUJy9dh8spxFs48+XIFq+00GWPL+pnODVmnOHLFwyaaSr47HAyg9uCftsIbzLXGrfQnnPbP85lHKjO6LW6UTIaLpeG7kqf4WgSfDqP7ku6saqE+baHlWHQxkJZlAzSWHBF6AYDNTRsAB2\/pmtwDPJQw\/B+QP+vVSJra7NxG2oKPfR2iH6qKusSeeVa5JoE3IZFCbXgbmz6glh1U0va7KbvlKx6NT+5irp2rFRRHSL648QdP5y8hhRosBR6tXJkeJtewnbHxi0gjL0fsVZpevVfRKM40uDtczPq22YyYGxcTFbB\/Wso901U8LTxx7JxHXo66uO0tkYXV4IVqVRxT9i\/HjKMsBj5Gs3t6NW90hlf+YmmTu\/moxm0adwgKRQ3ZNq61y5b\/iy+Vpy23QXa9nICpp2Jct3p2u61Xuk3ygpqj+8JVyjpdTFrkxLbsWNVzOeuXj\/DNXbOaK1n\/blfcnepzMdKd9xhU4mGrP6ZuTOsSerOp8qVMpktguRER1420+lEWWMJvfF6YJf6nZay6Sxxs+3+ci2U5dAOL6EOqVeo6xMsuCNvxTImbBKUjXN3hiSHB1+rk2vR18DaegnNHt+yuyfydoYvcjrXdDuxxr92X6ZJuB6SG3U82k0soFMysujjvSu3BVpw0fsQXNqklT4ac9zjjjcnGuRpl3iArohJ0HKG1nZ7UPLrTjoeNfcids46bD+RL9Bhc9SfVn2ly9yIRecKW22ha+eEF6KRl7g3NhltA1NVwSvE0LM0bq8xY8QcHpEJc4tJbpNZ0cJXzHGTY6bAMZLhaZAXmaDfY7Gc4NY7WI5bmNMGXkCagem28hOdNt5AVAW+tmqHU1Fr2LAy8CgtyWwZAkuuJykVQpd\/bQ3LYD\/Iu+r4L407SajqYPqNWmS59A28Nhl4THLTF58FbpKY1ldMXa6jf+ZdDCJjTsfa\/my2SWPYqO+HJon7byXQKn2fSuf+kWDKUSOsOKq40RUe2nvluu1iDnC7dB83IWdmXJNrO3jUF8GsIZbdlMgBpkpncoyrs\/a8ixYUbyFek7+3PbHs43FDcupyWyOvz2QX2mD+8jSUs1RxhBj\/0s0Z7SiThduDG9z9ZaAux\/6JuG5q40wor2YZdnLJYoytSiM0qVhuL5Fc+sIZrmsheoX0rUaoIvLryLxL1YoyGr2swcm8g3vd9Af+zGvMtxYcOXVXlpA0UIZiA1xtViEXcknUyMIjjvZRS91gLtwHC47uWjYiH5ruhJ3cDb4FPwwtILab\/2TbrInrzk+\/5gr9L3KtHvBGCAg8E0zVZdShc9ro3NpGQKG\/BhJF3SaPM3BTd1ieAoEmmEKREdtZnSbkP3NiaU68bjtNkh54b97yy3KMSIWOPhIjdx1ycv0W8FKik6G3+5C35kzYvr9KNIlucq51f9UIejvDedq+b0OousS3291F070Or1zkzZdk4Imi9vVvH48KkYYxc4p1B4qM3CvdwOQhmfkkNOKPfN8zK2qBdXpLhKA69u7uBkMUi2bYycWrNeLY42ntvzkURuoqd+tg+Ohrp4G67WIBuSTNVPBbk5ns2Z0+c30yxn50gyhqwr7e8uazTpaje8ZIbAGREcfoMpZkzGvE39jgBXWDHz\/FNFQDdTsiS9kCj5hIvPAyrKdGWKv6y\/mdN6J3cFExMi2DmUhfexPQTtYZIr+OPGKTzjMAL\/EAzzxhqPpLGTG0fEW98gw9e4NfmwyOzVTVIRNZtwl08oorNBzei1Wxi3hHnjbyGhmRRfAuUM2+nq\/iviwE4oWzsGwvsHKfEiMSnRK7GK9jKoaqSljokasQvrblj4e\/zhD5DdY0h9XOqEMO33D4OJtOr5Qu6a2jHLtT7wf8oDt0A3KFPWVFTKNbJhIXLdN3hwiTNsMid6e0kQ96HVgY98hHPPMd\/qug2zfIP3R\/ci6\/GU03Im5ZN1yyssZicuMPmO2691dw7KoWjYria4fe\/5qBsurj8TP8sGQwJlV0xu+a9KGBXPVJtUSksI8DB7VgXey73vwYM0mkYcQ45bMIt9g5dLtl+07PSEdFTlcBS667cU2oDvG3avnns3nxj7mAx2vrITuYGAO6HfzSvoVCTORm6v\/ha4M\/6uRH39gIWx2rSBxqVWmGX0BfuQ0a4RtqlVWoaSP6CB\/UeSruC9n+n0ruSDdQY5He6ZEeRKKBfqq4UQsH6g4AwFrEB+SFfp6R8wMiYC3iA\/ICaxFnxv+L4aL8wuAP9gAAAABJRU5ErkJggg==\" alt=\"\" style=\"width:186px;height:auto\"\/><\/a><\/figure>\n\n\n\n<p>VeEX Inc., con sede en California, es una empresa l\u00edder en el desarrollo de soluciones de prueba y monitoreo para redes de comunicaciones y servicios. Fundada en 2006, VeEX ha establecido una reputaci\u00f3n s\u00f3lida por ofrecer productos de vanguardia que abarcan desde instrumentos de prueba de fibra \u00f3ptica hasta soluciones para redes m\u00f3viles y de banda ancha. La compa\u00f1\u00eda se destaca por su enfoque en la innovaci\u00f3n tecnol\u00f3gica y la adaptabilidad a las cambiantes demandas del sector de las telecomunicaciones. Sus herramientas de prueba y sistemas de monitoreo son utilizados por profesionales de la industria para garantizar la calidad, confiabilidad y eficiencia de las redes de comunicaci\u00f3n en todo el mundo. Con un compromiso continuo con la excelencia y el desarrollo tecnol\u00f3gico, VeEX se mantiene a la vanguardia en un mercado din\u00e1mico y en constante evoluci\u00f3n.<\/p>\n","protected":false},"excerpt":{"rendered":"<p>VeEX Inc., con sede en California, es una empresa l\u00edder en el desarrollo de soluciones de prueba y monitoreo para redes de comunicaciones y servicios. Fundada en&#8230; <\/p>\n","protected":false},"author":1,"featured_media":0,"parent":0,"menu_order":0,"comment_status":"closed","ping_status":"closed","template":"","meta":{"footnotes":""},"class_list":["post-356","page","type-page","status-publish","hentry"],"_links":{"self":[{"href":"https:\/\/exptel.com.ar\/index.php?rest_route=\/wp\/v2\/pages\/356","targetHints":{"allow":["GET"]}}],"collection":[{"href":"https:\/\/exptel.com.ar\/index.php?rest_route=\/wp\/v2\/pages"}],"about":[{"href":"https:\/\/exptel.com.ar\/index.php?rest_route=\/wp\/v2\/types\/page"}],"author":[{"embeddable":true,"href":"https:\/\/exptel.com.ar\/index.php?rest_route=\/wp\/v2\/users\/1"}],"replies":[{"embeddable":true,"href":"https:\/\/exptel.com.ar\/index.php?rest_route=%2Fwp%2Fv2%2Fcomments&post=356"}],"version-history":[{"count":3,"href":"https:\/\/exptel.com.ar\/index.php?rest_route=\/wp\/v2\/pages\/356\/revisions"}],"predecessor-version":[{"id":721,"href":"https:\/\/exptel.com.ar\/index.php?rest_route=\/wp\/v2\/pages\/356\/revisions\/721"}],"wp:attachment":[{"href":"https:\/\/exptel.com.ar\/index.php?rest_route=%2Fwp%2Fv2%2Fmedia&parent=356"}],"curies":[{"name":"wp","href":"https:\/\/api.w.org\/{rel}","templated":true}]}}