{"id":352,"date":"2023-12-16T22:29:55","date_gmt":"2023-12-16T22:29:55","guid":{"rendered":"https:\/\/exptel.com.ar\/?page_id=352"},"modified":"2024-07-03T01:48:53","modified_gmt":"2024-07-03T04:48:53","slug":"sumitomo","status":"publish","type":"page","link":"https:\/\/exptel.com.ar\/?page_id=352","title":{"rendered":""},"content":{"rendered":"\n<p><\/p>\n\n\n\n<figure class=\"wp-block-image size-large is-resized\"><a href=\"https:\/\/sumitomoelectric.com\"><img decoding=\"async\" src=\"https:\/\/sumitomoelectric.com\/sites\/default\/files\/brand_mark_e.svg\" alt=\"\" style=\"width:206px;height:auto\"\/><\/a><\/figure>\n\n\n\n<p>Sumitomo Electric, con sus ra\u00edces que se remontan a su fundaci\u00f3n en <strong>Jap\u00f3n<\/strong> en 1897, se ha convertido en un referente global en la industria de la tecnolog\u00eda y las comunicaciones. La compa\u00f1\u00eda ha desempe\u00f1ado un papel fundamental en el avance de las soluciones de fibra \u00f3ptica, siendo reconocida por su compromiso con la innovaci\u00f3n y la calidad. Con una historia que abarca m\u00e1s de un siglo, Sumitomo Electric ha desarrollado una amplia gama de productos, desde cables de fibra \u00f3ptica hasta componentes y equipos de telecomunicaciones de vanguardia. Su enfoque en la investigaci\u00f3n y desarrollo constante ha permitido a la empresa mantenerse a la vanguardia de la evoluci\u00f3n tecnol\u00f3gica en el sector de las comunicaciones. La presencia global de Sumitomo Electric y su compromiso con la excelencia la sit\u00faan como una figura destacada en la creaci\u00f3n y desarrollo de soluciones de conectividad avanzadas.<\/p>\n\n\n\n<p class=\"has-medium-font-size\"><strong>Productos<\/strong><\/p>\n\n\n\n<div class=\"wp-block-columns is-layout-flex wp-container-core-columns-is-layout-9d6595d7 wp-block-columns-is-layout-flex\">\n<div class=\"wp-block-column is-layout-flow wp-block-column-is-layout-flow\">\n<div class=\"wp-block-cover\"><span aria-hidden=\"true\" class=\"wp-block-cover__background has-background-dim\"><\/span><img decoding=\"async\" class=\"wp-block-cover__image-background\" alt=\"\" src=\"https:\/\/i.postimg.cc\/K8k5txMC\/main-image-1.png\" data-object-fit=\"cover\"\/><div class=\"wp-block-cover__inner-container is-layout-flow wp-block-cover-is-layout-flow\">\n<p class=\"has-text-align-center has-large-font-size\">Fusionadoras<\/p>\n<\/div><\/div>\n<\/div>\n\n\n\n<div class=\"wp-block-column is-layout-flow wp-block-column-is-layout-flow\">\n<div class=\"wp-block-cover\"><span aria-hidden=\"true\" class=\"wp-block-cover__background has-background-dim\"><\/span><img decoding=\"async\" class=\"wp-block-cover__image-background\" alt=\"\" src=\"https:\/\/i.postimg.cc\/jqB8bdGq\/main-image.png\" data-object-fit=\"cover\"\/><div class=\"wp-block-cover__inner-container is-layout-flow wp-block-cover-is-layout-flow\">\n<p class=\"has-text-align-center has-large-font-size\"><a href=\"https:\/\/exptel.com.ar\/?p=1052\"><strong>Cleavers<\/strong><\/a><\/p>\n<\/div><\/div>\n<\/div>\n\n\n\n<div class=\"wp-block-column is-layout-flow wp-block-column-is-layout-flow\">\n<div class=\"wp-block-cover\"><span aria-hidden=\"true\" class=\"wp-block-cover__background has-background-dim\"><\/span><img decoding=\"async\" class=\"wp-block-cover__image-background\" alt=\"\" src=\"https:\/\/i.postimg.cc\/zBJW2ryz\/products02.png\" data-object-fit=\"cover\"\/><div class=\"wp-block-cover__inner-container is-layout-flow wp-block-cover-is-layout-flow\">\n<p class=\"has-text-align-center has-large-font-size\">SumiCloud&#x2122;<\/p>\n<\/div><\/div>\n<\/div>\n<\/div>\n","protected":false},"excerpt":{"rendered":"<p>Sumitomo Electric, con sus ra\u00edces que se remontan a su fundaci\u00f3n en Jap\u00f3n en 1897, se ha convertido en un referente global en la industria de la&#8230; <\/p>\n","protected":false},"author":1,"featured_media":0,"parent":0,"menu_order":0,"comment_status":"closed","ping_status":"closed","template":"","meta":{"footnotes":""},"class_list":["post-352","page","type-page","status-publish","hentry"],"_links":{"self":[{"href":"https:\/\/exptel.com.ar\/index.php?rest_route=\/wp\/v2\/pages\/352","targetHints":{"allow":["GET"]}}],"collection":[{"href":"https:\/\/exptel.com.ar\/index.php?rest_route=\/wp\/v2\/pages"}],"about":[{"href":"https:\/\/exptel.com.ar\/index.php?rest_route=\/wp\/v2\/types\/page"}],"author":[{"embeddable":true,"href":"https:\/\/exptel.com.ar\/index.php?rest_route=\/wp\/v2\/users\/1"}],"replies":[{"embeddable":true,"href":"https:\/\/exptel.com.ar\/index.php?rest_route=%2Fwp%2Fv2%2Fcomments&post=352"}],"version-history":[{"count":3,"href":"https:\/\/exptel.com.ar\/index.php?rest_route=\/wp\/v2\/pages\/352\/revisions"}],"predecessor-version":[{"id":1060,"href":"https:\/\/exptel.com.ar\/index.php?rest_route=\/wp\/v2\/pages\/352\/revisions\/1060"}],"wp:attachment":[{"href":"https:\/\/exptel.com.ar\/index.php?rest_route=%2Fwp%2Fv2%2Fmedia&parent=352"}],"curies":[{"name":"wp","href":"https:\/\/api.w.org\/{rel}","templated":true}]}}