{"id":1268,"date":"2025-09-14T14:54:52","date_gmt":"2025-09-14T17:54:52","guid":{"rendered":"https:\/\/exptel.com.ar\/?page_id=1268"},"modified":"2025-09-14T20:21:13","modified_gmt":"2025-09-14T23:21:13","slug":"1268-2","status":"publish","type":"page","link":"https:\/\/exptel.com.ar\/?page_id=1268","title":{"rendered":""},"content":{"rendered":"\n<!DOCTYPE html>\n<html lang=\"en\">\n\n<head>\n    <meta charset=\"utf-8\">\n    <title>Exabyte &#8211; Experiencia en Telecomunicaciones<\/title>\n    <meta content=\"width=device-width, initial-scale=1.0\" name=\"viewport\">\n    <meta content=\"\" name=\"keywords\">\n    <meta content=\"\" name=\"description\">\n\n    <!-- Favicon -->\n    <link href=\"img\/favicon.ico\" rel=\"icon\">\n\n    <!-- Google Web Fonts -->\n    <link rel=\"preconnect\" href=\"https:\/\/fonts.googleapis.com\">\n    <link rel=\"preconnect\" href=\"https:\/\/fonts.gstatic.com\" crossorigin>\n    <link href=\"https:\/\/fonts.googleapis.com\/css2?family=Open+Sans:wght@400;500;600;700&#038;display=swap\" rel=\"stylesheet\">\n\n    <!-- Icon Font Stylesheet -->\n    <link href=\"https:\/\/cdnjs.cloudflare.com\/ajax\/libs\/font-awesome\/5.10.0\/css\/all.min.css\" rel=\"stylesheet\">\n    <link href=\"https:\/\/cdn.jsdelivr.net\/npm\/bootstrap-icons@1.4.1\/font\/bootstrap-icons.css\" rel=\"stylesheet\">\n\n    <!-- Libraries Stylesheet -->\n    <link href=\"lib\/animate\/animate.min.css\" rel=\"stylesheet\">\n    <link href=\"lib\/owlcarousel\/assets\/owl.carousel.min.css\" rel=\"stylesheet\">\n    <link href=\"lib\/lightbox\/css\/lightbox.min.css\" rel=\"stylesheet\">\n\n    <!-- Customized Bootstrap Stylesheet -->\n    <link href=\"css\/bootstrap.min.css\" rel=\"stylesheet\">\n\n    <!-- Template Stylesheet -->\n    <link href=\"css\/style.css\" rel=\"stylesheet\">\n    \n    <style>\n        \/* Estilos para posicionar la imagen wsp *\/\n        .whatsapp-image {\n            position: fixed;\n            right: 25px;\n            bottom: 30px;\n            opacity: 100;\n            width: 5%;\n        }\n\n        \/* Media query para dispositivos m\u00f3viles wsp *\/\n        @media (max-width: 767px) {\n            .whatsapp-image {\n                width: 15%;\n                position: fixed;\n                right: 20px;\n            }\n        }\n\n        \/* Estilos para la imagen y el texto logo exptel *\/\n        .logo-image {\n            display: inline-block;\n            max-width: 75%; \/* Establece un ancho m\u00e1ximo *\/\n            height: auto; \/* Ajusta la altura autom\u00e1ticamente *\/\n        }\n\n        .logo-text {\n            font-size: 24px;\n            text-align: center;\n        }\n\n        \/* Media query para dispositivos m\u00f3viles logo exptel *\/\n        @media (max-width: 767px) {\n            .logo-image {\n                display: center;\n            }\n        }\n\n        \/* Estilos para el iframe *\/\n        iframe {\n            width: 100%;\n            height: 100vh; \/* Ajustar a la altura de la pantalla *\/\n            border: none;\n        }\n    <\/style>\n\n<\/head>\n\n<body>\n  \n\n    <section id=\"registrate\">\n        <!-- Inserta el c\u00f3digo de inserci\u00f3n del formulario de Google Drive aqu\u00ed -->\n        <iframe loading=\"lazy\" src=\"https:\/\/exabyte.com.ar\/calculadora-otdr.html\" width=\"120%\" height=\"140vh\" frameborder=\"0\" marginheight=\"0\" marginwidth=\"0\">Cargando\u2026<\/iframe>\n    <\/section>\n\n       \n\n    <section id=\"contacto\"><\/section>\n\n    <script>\n        function goToServices() {\n            window.location.href = \"index.php#servicios\";\n        }\n    <\/script>\n\n    <!-- JavaScript Libraries -->\n    <script src=\"https:\/\/code.jquery.com\/jquery-3.4.1.min.js\"><\/script>\n    <script src=\"https:\/\/cdn.jsdelivr.net\/npm\/bootstrap@5.0.0\/dist\/js\/bootstrap.bundle.min.js\"><\/script>\n    <script src=\"lib\/wow\/wow.min.js\"><\/script>\n    <script src=\"lib\/easing\/easing.min.js\"><\/script>\n    <script src=\"lib\/waypoints\/waypoints.min.js\"><\/script>\n    <script src=\"lib\/counterup\/counterup.min.js\"><\/script>\n    <script src=\"lib\/owlcarousel\/owl.carousel.min.js\"><\/script>\n    <script src=\"lib\/lightbox\/js\/lightbox.min.js\"><\/script>\n\n    <!-- Template Javascript -->\n    <script src=\"js\/main.js\"><\/script>\n<\/body>\n\n<\/html>\n","protected":false},"excerpt":{"rendered":"<p>Exabyte &#8211; Experiencia en Telecomunicaciones Cargando\u2026<\/p>\n","protected":false},"author":1,"featured_media":1261,"parent":0,"menu_order":0,"comment_status":"closed","ping_status":"closed","template":"page-templates\/full-width.php","meta":{"footnotes":""},"class_list":["post-1268","page","type-page","status-publish","has-post-thumbnail","hentry"],"_links":{"self":[{"href":"https:\/\/exptel.com.ar\/index.php?rest_route=\/wp\/v2\/pages\/1268","targetHints":{"allow":["GET"]}}],"collection":[{"href":"https:\/\/exptel.com.ar\/index.php?rest_route=\/wp\/v2\/pages"}],"about":[{"href":"https:\/\/exptel.com.ar\/index.php?rest_route=\/wp\/v2\/types\/page"}],"author":[{"embeddable":true,"href":"https:\/\/exptel.com.ar\/index.php?rest_route=\/wp\/v2\/users\/1"}],"replies":[{"embeddable":true,"href":"https:\/\/exptel.com.ar\/index.php?rest_route=%2Fwp%2Fv2%2Fcomments&post=1268"}],"version-history":[{"count":3,"href":"https:\/\/exptel.com.ar\/index.php?rest_route=\/wp\/v2\/pages\/1268\/revisions"}],"predecessor-version":[{"id":1273,"href":"https:\/\/exptel.com.ar\/index.php?rest_route=\/wp\/v2\/pages\/1268\/revisions\/1273"}],"wp:featuredmedia":[{"embeddable":true,"href":"https:\/\/exptel.com.ar\/index.php?rest_route=\/wp\/v2\/media\/1261"}],"wp:attachment":[{"href":"https:\/\/exptel.com.ar\/index.php?rest_route=%2Fwp%2Fv2%2Fmedia&parent=1268"}],"curies":[{"name":"wp","href":"https:\/\/api.w.org\/{rel}","templated":true}]}}